{"id":2,"date":"2012-02-18T21:29:17","date_gmt":"2012-02-18T21:29:17","guid":{"rendered":"http:\/\/www.centremusique.fr\/wordpress\/?page_id=2"},"modified":"2024-10-16T13:42:14","modified_gmt":"2024-10-16T13:42:14","slug":"page-d-exemple","status":"publish","type":"page","link":"http:\/\/www.centremusique.fr\/?page_id=2","title":{"rendered":"Vid\u00e9o de pr\u00e9sentation"},"content":{"rendered":"<p>L&rsquo;\u00e9quipe de Centre Musique est heureuse de vous pr\u00e9senter une vid\u00e9o r\u00e9alis\u00e9e par crea7media !<br \/>\n<iframe loading=\"lazy\" src=\"https:\/\/www.youtube.com\/embed\/ngsp1NJvvak\" title=\"YouTube video player\" allow=\"accelerometer; autoplay; clipboard-write; encrypted-media; gyroscope; picture-in-picture\" allowfullscreen=\"\" width=\"560\" height=\"315\" frameborder=\"0\"><\/iframe><\/p>\n","protected":false},"excerpt":{"rendered":"<p>L&rsquo;\u00e9quipe de Centre Musique est heureuse de vous pr\u00e9senter une vid\u00e9o r\u00e9alis\u00e9e par crea7media !<\/p>\n","protected":false},"author":1,"featured_media":0,"parent":0,"menu_order":2,"comment_status":"closed","ping_status":"closed","template":"","meta":{"footnotes":""},"class_list":["post-2","page","type-page","status-publish","hentry"],"_links":{"self":[{"href":"http:\/\/www.centremusique.fr\/index.php?rest_route=\/wp\/v2\/pages\/2"}],"collection":[{"href":"http:\/\/www.centremusique.fr\/index.php?rest_route=\/wp\/v2\/pages"}],"about":[{"href":"http:\/\/www.centremusique.fr\/index.php?rest_route=\/wp\/v2\/types\/page"}],"author":[{"embeddable":true,"href":"http:\/\/www.centremusique.fr\/index.php?rest_route=\/wp\/v2\/users\/1"}],"replies":[{"embeddable":true,"href":"http:\/\/www.centremusique.fr\/index.php?rest_route=%2Fwp%2Fv2%2Fcomments&post=2"}],"version-history":[{"count":5,"href":"http:\/\/www.centremusique.fr\/index.php?rest_route=\/wp\/v2\/pages\/2\/revisions"}],"predecessor-version":[{"id":41,"href":"http:\/\/www.centremusique.fr\/index.php?rest_route=\/wp\/v2\/pages\/2\/revisions\/41"}],"wp:attachment":[{"href":"http:\/\/www.centremusique.fr\/index.php?rest_route=%2Fwp%2Fv2%2Fmedia&parent=2"}],"curies":[{"name":"wp","href":"https:\/\/api.w.org\/{rel}","templated":true}]}}